{"id":30144,"date":"2024-03-14T14:00:42","date_gmt":"2024-03-14T13:00:42","guid":{"rendered":"https:\/\/layer-cbd.com\/a-propos\/"},"modified":"2024-11-29T10:11:57","modified_gmt":"2024-11-29T09:11:57","slug":"a-propos","status":"publish","type":"page","link":"https:\/\/layer-cbd.com\/fr\/a-propos\/","title":{"rendered":"\u00c0 Propos"},"content":{"rendered":"<p>[et_pb_section fb_built=&#8221;1&#8243; _builder_version=&#8221;4.24.2&#8243; _module_preset=&#8221;default&#8221; background_color=&#8221;#fffef7&#8243; global_colors_info=&#8221;{}&#8221;][\/et_pb_section][et_pb_section fb_built=&#8221;1&#8243; _builder_version=&#8221;4.24.2&#8243; _module_preset=&#8221;default&#8221; background_color=&#8221;#fffef7&#8243; custom_padding=&#8221;7px||28px|||&#8221; global_colors_info=&#8221;{}&#8221;][et_pb_row _builder_version=&#8221;4.25.2&#8243; _module_preset=&#8221;default&#8221; width_tablet=&#8221;&#8221; width_phone=&#8221;&#8221; width_last_edited=&#8221;on|phone&#8221; max_width=&#8221;622px&#8221; module_alignment=&#8221;center&#8221; custom_margin=&#8221;7vh||7vh||true|false&#8221; custom_margin_tablet=&#8221;4vh||1vh||false|false&#8221; custom_margin_phone=&#8221;1vh||1vh||true|false&#8221; custom_margin_last_edited=&#8221;on|desktop&#8221; global_colors_info=&#8221;{}&#8221;][et_pb_column type=&#8221;4_4&#8243; _builder_version=&#8221;4.23.1&#8243; _module_preset=&#8221;default&#8221; global_colors_info=&#8221;{}&#8221;][et_pb_text _builder_version=&#8221;4.27.0&#8243; _module_preset=&#8221;default&#8221; text_font=&#8221;Prompt|800|||||||&#8221; text_font_size=&#8221;45px&#8221; text_line_height=&#8221;1.5em&#8221; header_font=&#8221;TF Handwriting|100|||||||&#8221; header_font_size=&#8221;40px&#8221; header_line_height=&#8221;1.2em&#8221; header_2_font=&#8221;||||||||&#8221; header_2_font_size=&#8221;42px&#8221; global_colors_info=&#8221;{}&#8221;]<\/p>\n<h1>\u00c0 Propos<\/h1>\n<h2 class=\"roka\">The best CBD oil company<\/h2>\n<p>[\/et_pb_text][\/et_pb_column][\/et_pb_row][\/et_pb_section][et_pb_section fb_built=&#8221;1&#8243; _builder_version=&#8221;4.24.2&#8243; _module_preset=&#8221;default&#8221; background_color=&#8221;#fffef7&#8243; custom_padding=&#8221;31px|||||&#8221; global_colors_info=&#8221;{}&#8221;][et_pb_row column_structure=&#8221;1_2,1_2&#8243; _builder_version=&#8221;4.24.2&#8243; _module_preset=&#8221;default&#8221; max_width=&#8221;1410px&#8221; global_colors_info=&#8221;{}&#8221;][et_pb_column type=&#8221;1_2&#8243; _builder_version=&#8221;4.24.2&#8243; _module_preset=&#8221;default&#8221; global_colors_info=&#8221;{}&#8221;][et_pb_image src=&#8221;https:\/\/layer-cbd.com\/wp-content\/uploads\/2024\/04\/Layer-Maastricht_04_2024-RS-029.jpg&#8221; title_text=&#8221;Layer &#8211; Maastricht_04_2024 &#8211; RS-029&#8243; align=&#8221;right&#8221; align_tablet=&#8221;center&#8221; align_phone=&#8221;center&#8221; align_last_edited=&#8221;on|tablet&#8221; disabled_on=&#8221;on|on|off&#8221; module_class=&#8221;.carreimg&#8221; _builder_version=&#8221;4.24.2&#8243; _module_preset=&#8221;default&#8221; width=&#8221;100%&#8221; max_width=&#8221;515px&#8221; height=&#8221;515px&#8221; custom_css_free_form=&#8221;img {object-fit:cover!important}&#8221; global_colors_info=&#8221;{}&#8221;][\/et_pb_image][\/et_pb_column][et_pb_column type=&#8221;1_2&#8243; _builder_version=&#8221;4.24.2&#8243; _module_preset=&#8221;default&#8221; global_colors_info=&#8221;{}&#8221;][et_pb_image src=&#8221;https:\/\/layer-cbd.com\/wp-content\/uploads\/2024\/10\/Sticker-1.png&#8221; title_text=&#8221;Sticker-1&#8243; _builder_version=&#8221;4.27.2&#8243; _module_preset=&#8221;default&#8221; max_width=&#8221;240px&#8221; module_alignment=&#8221;center&#8221; scroll_rotating=&#8221;16|50|50|84|36\u00b0|6\u00b0|-24\u00b0&#8221; global_colors_info=&#8221;{}&#8221;][\/et_pb_image][et_pb_text _builder_version=&#8221;4.27.0&#8243; _module_preset=&#8221;default&#8221; text_font=&#8221;||||||||&#8221; text_font_size=&#8221;24px&#8221; text_line_height=&#8221;1.5em&#8221; global_colors_info=&#8221;{}&#8221;]<\/p>\n<p>Layer n\u2019est pas seulement la meilleure huile de CBD, c\u2019est aussi la plus cool.<\/p>\n<p>Fond\u00e9e en 2023, Layer vise \u00e0 changer la fa\u00e7on dont l\u2019huile de CBD est consomm\u00e9e. Nos produits vous offrent tous les avantages de l\u2019huile ordinaire, avec les avantages suppl\u00e9mentaires du go\u00fbt et du plaisir.<\/p>\n<p>[\/et_pb_text][\/et_pb_column][\/et_pb_row][\/et_pb_section][et_pb_section fb_built=&#8221;1&#8243; custom_padding_last_edited=&#8221;on|tablet&#8221; _builder_version=&#8221;4.25.2&#8243; _module_preset=&#8221;default&#8221; background_color=&#8221;#fffef7&#8243; custom_padding_tablet=&#8221;0px||||false|false&#8221; custom_padding_phone=&#8221;0px||||false|false&#8221; global_colors_info=&#8221;{}&#8221;][et_pb_row _builder_version=&#8221;4.25.2&#8243; _module_preset=&#8221;default&#8221; width_tablet=&#8221;&#8221; width_phone=&#8221;&#8221; width_last_edited=&#8221;on|phone&#8221; max_width=&#8221;700px&#8221; module_alignment=&#8221;center&#8221; custom_margin=&#8221;7vh||7vh||true|false&#8221; custom_margin_tablet=&#8221;2vh||2vh||true|false&#8221; custom_margin_phone=&#8221;2vh||2vh||true|false&#8221; custom_margin_last_edited=&#8221;on|phone&#8221; global_colors_info=&#8221;{}&#8221;][et_pb_column type=&#8221;4_4&#8243; _builder_version=&#8221;4.23.1&#8243; _module_preset=&#8221;default&#8221; global_colors_info=&#8221;{}&#8221;][dsm_dual_heading before_text=&#8221;Notre mission &#8221; middle_text=&#8221;Notre vision&#8221; after_text=&#8221; Nos raisons&#8221; _builder_version=&#8221;4.27.2&#8243; _module_preset=&#8221;default&#8221; custom_padding=&#8221;3px|||||&#8221; global_colors_info=&#8221;{}&#8221;][\/dsm_dual_heading][et_pb_text _builder_version=&#8221;4.27.2&#8243; _module_preset=&#8221;default&#8221; text_font=&#8221;||||||||&#8221; text_font_size=&#8221;16px&#8221; text_line_height=&#8221;1.5em&#8221; header_font_size=&#8221;28px&#8221; hover_enabled=&#8221;0&#8243; text_font_size_tablet=&#8221;40px&#8221; text_font_size_phone=&#8221;30px&#8221; text_font_size_last_edited=&#8221;on|phone&#8221; global_colors_info=&#8221;{}&#8221; sticky_enabled=&#8221;0&#8243; custom_padding=&#8221;||2px|||&#8221;]<\/p>\n<p>Layer a \u00e9t\u00e9 fond\u00e9e avec une mission : aider au bien-\u00eatre avec des produits sains, donner la banane avec son irr\u00e9v\u00e9rence et influencer le monde avec une vision.<\/p>\n<p>\u00ab\u00a0WTF, \u00e7a fait 3 missions, pas une\u00a0\u00bb vous me direz\u2026 Ouaip, on est comme \u00e7a, on fait tout par 3\u00a0: 3 Layer, 3 bises, 3 petits cochons\u2026<\/p>\n<p>Nous nous demandons constamment comment faire mieux et maximiser notre impact. Et si nous commencions par \u00eatre nous-m\u00eame ce que nous souhaitons que le monde soit\u00a0? (Gandhi a dit un truc presque aussi bien). En faisant le tri entre ce qui est r\u00e9ellement important et ce qui ne l\u2019est pas\u00a0:<\/p>\n<ul>\n<li>Devenir le plus riche\u00a0: pas important<\/li>\n<li>Faire le bien autour de soi\u00a0: important<\/li>\n<li>Vendre des piscines enti\u00e8res d\u2019huile de CBD\u00a0: pas important<\/li>\n<li>Proposer l\u2019huile de CBD la plus saine et naturelle\u00a0: important<\/li>\n<li>\u00c9pouser Harry Styles ou Emma Watson\u00a0: cool mais pas important<\/li>\n<li>Avoir des potes qui partagent notre \u00e9tat d\u2019esprit\u00a0: important<\/li>\n<li>Rire au moins 28 fois par jour\u00a0: super important<\/li>\n<\/ul>\n<p>Vous l\u2019avez compris, nous avons voulu que Layer soit un produit que l\u2019on prend pour se faire du bien, sans plus. Il ne vous rendra pas plus riche ni plus beau, mais il booste vos capacit\u00e9s de concentration, de relaxation et m\u00eame de r\u00e9cup\u00e9ration apr\u00e8s le sport. Et avec tout \u00e7a, il participe \u00e0 votre confiance en vous et vous aide \u00e0 profiter de la vie et \u00e0 partager de bons moments avec vos potes.<\/p>\n<h2>L\u2019histoire derri\u00e8re la cr\u00e9ation<\/h2>\n<p>Les bonnes id\u00e9es arrivent g\u00e9n\u00e9ralement en r\u00e9ponse \u00e0 des probl\u00e8mes r\u00e9els. Et pour nous, \u00e7a a \u00e9t\u00e9 le constat que les huiles de CBD \u00e9taient trop ch\u00e8res, pas tr\u00e8s bonnes et vendues comme des m\u00e9dicaments.<\/p>\n<p>Quelle erreur\u00a0! L\u2019huile de CBD doit plut\u00f4t \u00eatre vue comme du chocolat, en moins calorique, comme les gaufres, en moins gras (que \u00e7a ne vous emp\u00eache pas de manger du chocolat et des gaufres). \u00c7a fait le bonheur de celui qui en prend, c\u2018est tout\u00a0!<\/p>\n<p>Cela ne doit pas \u00eatre un produit r\u00e9serv\u00e9 aux malades, \u00e0 ceux qui ont les poches pleines ou \u00e0 ceux qui aiment se pincer le nez en l\u2019avalant.<\/p>\n<p>Nous avons donc lanc\u00e9 Layer pour cr\u00e9er l\u2019alternative. Pour d\u00e9mocratiser l\u2019huile de CBD tout en garantissant sa qualit\u00e9.<\/p>\n<p>En d\u00e9veloppant notre propre recette et en produisant notre huile au pays du yodel et du gruy\u00e8re nous sommes en mesure de fournir l\u2019huile la plus fine et la plus pure qui soit, mais aussi la plus gaie et plaisante \u00e0 consommer. Et en comparaison avec les marques pr\u00e9sentes avant nous, vous gardez des sous en poche pour faire plein d\u2019autres trucs.<\/p>\n<p>Et voil\u00e0 Layer\u00a0: une huile efficace, accessible et agr\u00e9able \u00e0 consommer quel que soit le moment de la journ\u00e9e.<\/p>\n<p>[\/et_pb_text][\/et_pb_column][\/et_pb_row][\/et_pb_section][et_pb_section fb_built=&#8221;1&#8243; _builder_version=&#8221;4.24.2&#8243; _module_preset=&#8221;default&#8221; background_image=&#8221;https:\/\/layer-cbd.com\/wp-content\/uploads\/2024\/04\/Layer-Maastricht_04_2024-RS-232.jpg&#8221; min_height=&#8221;70vh&#8221; global_colors_info=&#8221;{}&#8221;][\/et_pb_section][et_pb_section fb_built=&#8221;1&#8243; _builder_version=&#8221;4.24.2&#8243; _module_preset=&#8221;default&#8221; global_colors_info=&#8221;{}&#8221;][et_pb_row _builder_version=&#8221;4.25.2&#8243; _module_preset=&#8221;default&#8221; width_tablet=&#8221;&#8221; width_phone=&#8221;&#8221; width_last_edited=&#8221;on|phone&#8221; max_width=&#8221;700px&#8221; module_alignment=&#8221;center&#8221; custom_margin=&#8221;7vh||7vh||true|false&#8221; custom_margin_tablet=&#8221;0vh||0vh||true|false&#8221; custom_margin_phone=&#8221;0vh||0vh||true|false&#8221; custom_margin_last_edited=&#8221;on|phone&#8221; global_colors_info=&#8221;{}&#8221;][et_pb_column type=&#8221;4_4&#8243; _builder_version=&#8221;4.23.1&#8243; _module_preset=&#8221;default&#8221; global_colors_info=&#8221;{}&#8221;][et_pb_text _builder_version=&#8221;4.27.0&#8243; _module_preset=&#8221;default&#8221; text_font=&#8221;|800|||||||&#8221; text_font_size=&#8221;30px&#8221; text_line_height=&#8221;1.5em&#8221; header_font_size=&#8221;28px&#8221; text_font_size_tablet=&#8221;40px&#8221; text_font_size_phone=&#8221;30px&#8221; text_font_size_last_edited=&#8221;on|tablet&#8221; global_colors_info=&#8221;{}&#8221;]<\/p>\n<p>\u00c9labor\u00e9es en Suisse, fabriqu\u00e9es par la nature. Les huiles Layer CBD sont r\u00e9put\u00e9es pour leurs propri\u00e9t\u00e9s naturelles.<\/p>\n<p>[\/et_pb_text][\/et_pb_column][\/et_pb_row][et_pb_row disabled_on=&#8221;on|on|on&#8221; _builder_version=&#8221;4.25.2&#8243; _module_preset=&#8221;default&#8221; width_tablet=&#8221;&#8221; width_phone=&#8221;&#8221; width_last_edited=&#8221;on|phone&#8221; max_width=&#8221;700px&#8221; module_alignment=&#8221;center&#8221; custom_margin=&#8221;7vh||7vh||true|false&#8221; custom_margin_tablet=&#8221;2vh||2vh||true|false&#8221; custom_margin_phone=&#8221;2vh||2vh||true|false&#8221; custom_margin_last_edited=&#8221;on|phone&#8221; disabled=&#8221;on&#8221; global_colors_info=&#8221;{}&#8221;][et_pb_column type=&#8221;4_4&#8243; _builder_version=&#8221;4.23.1&#8243; _module_preset=&#8221;default&#8221; global_colors_info=&#8221;{}&#8221;][et_pb_text _builder_version=&#8221;4.27.0&#8243; _module_preset=&#8221;default&#8221; text_font=&#8221;|800|||||||&#8221; text_font_size=&#8221;40px&#8221; text_line_height=&#8221;1.5em&#8221; header_font_size=&#8221;28px&#8221; text_font_size_tablet=&#8221;40px&#8221; text_font_size_phone=&#8221;30px&#8221; text_font_size_last_edited=&#8221;on|phone&#8221; global_colors_info=&#8221;{}&#8221;]<\/p>\n<p>Du fun \u00e0 port\u00e9e de main. Let it play !<\/p>\n<p>[\/et_pb_text][\/et_pb_column][\/et_pb_row][\/et_pb_section]<\/p>\n","protected":false},"excerpt":{"rendered":"<p>\u00c0 Propos The best CBD oil companyLayer n\u2019est pas seulement la meilleure huile de CBD, c\u2019est aussi la plus cool. Fond\u00e9e en 2023, Layer vise \u00e0 changer la fa\u00e7on dont l\u2019huile de CBD est consomm\u00e9e. Nos produits vous offrent tous les avantages de l\u2019huile ordinaire, avec les avantages suppl\u00e9mentaires du go\u00fbt et du plaisir.<div class=\"et_pb_module dsm_dual_heading dsm_dual_heading_0  et_pb_bg_layout_light\">\n\t\t\t\t\n\t\t\t\t\n\t\t\t\t\n\t\t\t\t\n\t\t\t\t\n\t\t\t\t\n\t\t\t\t<div class=\"et_pb_module_inner\">\n\t\t\t\t\t<h2 class=\"dsm-dual-heading-main et_pb_module_header\"><span class=\"dsm-dual-heading-before\">&#8221;Notre<\/span><span class=\"dsm-dual-heading-middle\">Heading<\/span><\/h2>\n\t\t\t\t<\/div>\n\t\t\t<\/div><\/p>\n","protected":false},"author":1,"featured_media":0,"parent":0,"menu_order":0,"comment_status":"closed","ping_status":"closed","template":"","meta":{"_et_pb_use_builder":"on","_et_pb_old_content":"","_et_gb_content_width":"","footnotes":""},"class_list":["post-30144","page","type-page","status-publish","hentry"],"_links":{"self":[{"href":"https:\/\/layer-cbd.com\/fr\/wp-json\/wp\/v2\/pages\/30144","targetHints":{"allow":["GET"]}}],"collection":[{"href":"https:\/\/layer-cbd.com\/fr\/wp-json\/wp\/v2\/pages"}],"about":[{"href":"https:\/\/layer-cbd.com\/fr\/wp-json\/wp\/v2\/types\/page"}],"author":[{"embeddable":true,"href":"https:\/\/layer-cbd.com\/fr\/wp-json\/wp\/v2\/users\/1"}],"replies":[{"embeddable":true,"href":"https:\/\/layer-cbd.com\/fr\/wp-json\/wp\/v2\/comments?post=30144"}],"version-history":[{"count":17,"href":"https:\/\/layer-cbd.com\/fr\/wp-json\/wp\/v2\/pages\/30144\/revisions"}],"predecessor-version":[{"id":35196,"href":"https:\/\/layer-cbd.com\/fr\/wp-json\/wp\/v2\/pages\/30144\/revisions\/35196"}],"wp:attachment":[{"href":"https:\/\/layer-cbd.com\/fr\/wp-json\/wp\/v2\/media?parent=30144"}],"curies":[{"name":"wp","href":"https:\/\/api.w.org\/{rel}","templated":true}]}}