{"id":30254,"date":"2024-03-20T15:05:52","date_gmt":"2024-03-20T14:05:52","guid":{"rendered":"https:\/\/layer-cbd.com\/politique-de-confidentialite\/"},"modified":"2024-10-29T10:25:43","modified_gmt":"2024-10-29T09:25:43","slug":"politique-de-confidentialite","status":"publish","type":"page","link":"https:\/\/layer-cbd.com\/fr\/politique-de-confidentialite\/","title":{"rendered":"Politique de Confidentialit\u00e9"},"content":{"rendered":"<p>[et_pb_section fb_built=&#8221;1&#8243; _builder_version=&#8221;4.24.2&#8243; _module_preset=&#8221;default&#8221; background_color=&#8221;#fffef7&#8243; global_colors_info=&#8221;{}&#8221;][\/et_pb_section][et_pb_section fb_built=&#8221;1&#8243; _builder_version=&#8221;4.24.2&#8243; _module_preset=&#8221;default&#8221; background_color=&#8221;#fffef7&#8243; custom_padding=&#8221;91px||165px|||&#8221; global_colors_info=&#8221;{}&#8221;][et_pb_row _builder_version=&#8221;4.24.2&#8243; _module_preset=&#8221;default&#8221; width_tablet=&#8221;&#8221; width_phone=&#8221;&#8221; width_last_edited=&#8221;on|phone&#8221; max_width=&#8221;950px&#8221; module_alignment=&#8221;center&#8221; custom_margin=&#8221;7vh||7vh||true|false&#8221; global_colors_info=&#8221;{}&#8221;][et_pb_column type=&#8221;4_4&#8243; _builder_version=&#8221;4.23.1&#8243; _module_preset=&#8221;default&#8221; global_colors_info=&#8221;{}&#8221;][et_pb_text _builder_version=&#8221;4.27.2&#8243; _module_preset=&#8221;default&#8221; text_font=&#8221;||||||||&#8221; text_font_size=&#8221;18px&#8221; text_line_height=&#8221;1.5em&#8221; header_line_height=&#8221;1.5em&#8221; header_2_line_height=&#8221;1.5em&#8221; header_3_line_height=&#8221;1.5em&#8221; hover_enabled=&#8221;0&#8243; global_colors_info=&#8221;{}&#8221; header_font=&#8221;|||on|||||&#8221; header_letter_spacing=&#8221;1px&#8221; header_font_size=&#8221;35px&#8221; sticky_enabled=&#8221;0&#8243;]<\/p>\n<h1>Politique de Confidentialit\u00e9 et Vie Priv\u00e9e<\/h1>\n<p>Bienvenue sur le site ecommerce de layer-cbd.com, une initiative de l\u2019entreprise Galago, soucieuse du respect de votre vie priv\u00e9e et de la protection des donn\u00e9es personnelles de ses utilisateurs. En tant qu\u2019entreprise fran\u00e7aise, Galago (Siret : 953 307 907), situ\u00e9e au 33 rue Dubois Cranc\u00e9, 08000 Charleville M\u00e9zi\u00e8res, adh\u00e8re strictement aux normes et r\u00e9glementations en vigueur, notamment au R\u00e8glement G\u00e9n\u00e9ral sur la Protection des Donn\u00e9es (RGPD). <\/p>\n<h2>  1. Data collection <\/h2>\n<p><strong>**Types de donn\u00e9es collect\u00e9es :**<\/strong> Nous recueillons des informations lors de votre navigation et de vos achats sur notre site, incluant mais ne se limitant pas \u00e0 votre nom, adresse e-mail, adresse postale, num\u00e9ro de t\u00e9l\u00e9phone, ainsi que des donn\u00e9es relatives \u00e0 vos transactions et modes de paiement.<\/p>\n<p><strong>**Utilisation de vos donn\u00e9es :**<\/strong> Ces informations nous permettent de traiter vos commandes, d&#8217;am\u00e9liorer votre exp\u00e9rience d&#8217;achat, de communiquer avec vous concernant vos transactions et nos produits, et, si vous le souhaitez, de vous envoyer des informations promotionnelles.<\/p>\n<h2>  2. Data sharing <\/h2>\n<p><strong>**Confidentialit\u00e9 :**<\/strong> Galago s&#8217;engage \u00e0 ne pas vendre, louer, partager ou divulguer vos donn\u00e9es personnelles \u00e0 des tiers sans votre consentement explicite, sauf si requis par la loi ou pour les besoins de la transaction et de la livraison de vos commandes (par exemple, avec des transporteurs).<\/p>\n<h2>3. S\u00e9curit\u00e9 des donn\u00e9es<\/h2>\n<p><strong>**Mesures de s\u00e9curit\u00e9 :**<\/strong> Nous adoptons des mesures techniques et organisationnelles pour prot\u00e9ger vos donn\u00e9es contre l\u2019acc\u00e8s non autoris\u00e9, l\u2019alt\u00e9ration, la divulgation ou la destruction. Vos transactions bancaires sont s\u00e9curis\u00e9es par notre partenaire bancaire, le CIC (IBAN : FR76 3008 7337 5600 0209 8940 165, BIC : CMCIFRPP). <\/p>\n<h2>4. Vos droits<\/h2>\n<p><strong>**Acc\u00e8s et contr\u00f4le :**<\/strong> Conform\u00e9ment au RGPD, vous disposez d\u2019un droit d\u2019acc\u00e8s, de rectification, de suppression et d\u2019opposition concernant vos donn\u00e9es personnelles. Pour exercer ces droits, vous pouvez nous contacter \u00e0 l\u2019adresse suivante ou par t\u00e9l\u00e9phone : <\/p>\n<p>&#8211;<strong> Adresse:<\/strong> 33 rue Dubois Cranc\u00e9, 08000 Charleville M\u00e9zi\u00e8res<br \/>&#8211; <strong>T\u00e9l\u00e9phone:<\/strong> 0033 324 52 68 83<\/p>\n<h2>5. Modifications de la politique<\/h2>\n<p><strong>**Mises \u00e0 jour :**<\/strong> Cette politique de confidentialit\u00e9 peut \u00eatre mise \u00e0 jour. Nous vous invitons \u00e0 consulter r\u00e9guli\u00e8rement cette page pour vous tenir inform\u00e9 de toute modification. <\/p>\n<p>Votre confiance est primordiale pour nous, et nous nous engageons \u00e0 assurer la s\u00e9curit\u00e9 et la confidentialit\u00e9 de vos donn\u00e9es personnelles. Pour toute question relative \u00e0 cette politique, n\u2019h\u00e9sitez pas \u00e0 nous contacter. <\/p>\n<p><strong>**Thank you for choosing Galago for your cosmetic product purchases.**<\/strong><\/p>\n<p>Politique mise \u00e0 jour le 20 mars 2024<\/p>\n<p>[\/et_pb_text][\/et_pb_column][\/et_pb_row][\/et_pb_section]<\/p>\n","protected":false},"excerpt":{"rendered":"<p>Politique de Confidentialit\u00e9 et Vie Priv\u00e9e Bienvenue sur le site ecommerce de layer-cbd.com, une initiative de l\u2019entreprise Galago, soucieuse du respect de votre vie priv\u00e9e et de la protection des donn\u00e9es personnelles de ses utilisateurs. En tant qu\u2019entreprise fran\u00e7aise, Galago (Siret : 953 307 907), situ\u00e9e au 33 rue Dubois Cranc\u00e9, 08000 Charleville M\u00e9zi\u00e8res, adh\u00e8re [&hellip;]<\/p>\n","protected":false},"author":1,"featured_media":0,"parent":0,"menu_order":0,"comment_status":"closed","ping_status":"closed","template":"","meta":{"_et_pb_use_builder":"on","_et_pb_old_content":"","_et_gb_content_width":"","footnotes":""},"class_list":["post-30254","page","type-page","status-publish","hentry"],"_links":{"self":[{"href":"https:\/\/layer-cbd.com\/fr\/wp-json\/wp\/v2\/pages\/30254","targetHints":{"allow":["GET"]}}],"collection":[{"href":"https:\/\/layer-cbd.com\/fr\/wp-json\/wp\/v2\/pages"}],"about":[{"href":"https:\/\/layer-cbd.com\/fr\/wp-json\/wp\/v2\/types\/page"}],"author":[{"embeddable":true,"href":"https:\/\/layer-cbd.com\/fr\/wp-json\/wp\/v2\/users\/1"}],"replies":[{"embeddable":true,"href":"https:\/\/layer-cbd.com\/fr\/wp-json\/wp\/v2\/comments?post=30254"}],"version-history":[{"count":10,"href":"https:\/\/layer-cbd.com\/fr\/wp-json\/wp\/v2\/pages\/30254\/revisions"}],"predecessor-version":[{"id":34628,"href":"https:\/\/layer-cbd.com\/fr\/wp-json\/wp\/v2\/pages\/30254\/revisions\/34628"}],"wp:attachment":[{"href":"https:\/\/layer-cbd.com\/fr\/wp-json\/wp\/v2\/media?parent=30254"}],"curies":[{"name":"wp","href":"https:\/\/api.w.org\/{rel}","templated":true}]}}