{"id":31890,"date":"2024-05-30T10:51:00","date_gmt":"2024-05-30T08:51:00","guid":{"rendered":"https:\/\/layer-cbd.com\/dosage\/"},"modified":"2024-11-08T11:45:17","modified_gmt":"2024-11-08T10:45:17","slug":"dosage","status":"publish","type":"page","link":"https:\/\/layer-cbd.com\/fr\/dosage\/","title":{"rendered":"Recommandations"},"content":{"rendered":"<p>[et_pb_section fb_built=&#8221;1&#8243; _builder_version=&#8221;4.24.2&#8243; _module_preset=&#8221;default&#8221; background_color=&#8221;#fffef7&#8243; module_alignment=&#8221;center&#8221; min_height=&#8221;200px&#8221; min_height_tablet=&#8221;200px&#8221; min_height_phone=&#8221;120px&#8221; min_height_last_edited=&#8221;on|desktop&#8221; global_colors_info=&#8221;{}&#8221;][\/et_pb_section][et_pb_section fb_built=&#8221;1&#8243; custom_padding_last_edited=&#8221;on|phone&#8221; _builder_version=&#8221;4.25.2&#8243; _module_preset=&#8221;default&#8221; background_color=&#8221;#fffef7&#8243; custom_padding=&#8221;1px|||||&#8221; custom_padding_tablet=&#8221;||0px||false|false&#8221; custom_padding_phone=&#8221;||0px||false|false&#8221; global_colors_info=&#8221;{}&#8221;][et_pb_row column_structure=&#8221;3_5,2_5&#8243; make_equal=&#8221;on&#8221; _builder_version=&#8221;4.24.2&#8243; _module_preset=&#8221;default&#8221; global_colors_info=&#8221;{}&#8221;][et_pb_column type=&#8221;3_5&#8243; _builder_version=&#8221;4.24.2&#8243; _module_preset=&#8221;default&#8221; custom_padding=&#8221;150px||120px||false|false&#8221; custom_padding_tablet=&#8221;20px||60px||false|false&#8221; custom_padding_phone=&#8221;20px||60px||false|false&#8221; custom_padding_last_edited=&#8221;on|phone&#8221; global_colors_info=&#8221;{}&#8221;][et_pb_text module_class=&#8221;roka&#8221; _builder_version=&#8221;4.27.0&#8243; _module_preset=&#8221;default&#8221; header_font=&#8221;|800|||||||&#8221; header_font_size=&#8221;45px&#8221; header_line_height=&#8221;1.5em&#8221; header_font_size_tablet=&#8221;45px&#8221; header_font_size_phone=&#8221;35px&#8221; header_font_size_last_edited=&#8221;on|phone&#8221; global_colors_info=&#8221;{}&#8221;]<\/p>\n<h1>Consommation et dosage de l\u2019huile de CBD<\/h1>\n<p>[\/et_pb_text][et_pb_text _builder_version=&#8221;4.24.2&#8243; _module_preset=&#8221;default&#8221; text_font=&#8221;|300|||||||&#8221; text_font_size=&#8221;20px&#8221; text_line_height=&#8221;1.5em&#8221; global_colors_info=&#8221;{}&#8221;]<\/p>\n<p>L\u2019huile de CBD est un compl\u00e9ment alimentaire ayant une action sur le bien-\u00eatre. Mais comment bien l\u2019utiliser au quotidien ? Dans quelles quantit\u00e9s ? Sur ou sous la langue ? Voici nos conseils pour une prise optimale et personnalis\u00e9e.    <\/p>\n<p>[\/et_pb_text][\/et_pb_column][et_pb_column type=&#8221;2_5&#8243; _builder_version=&#8221;4.24.2&#8243; _module_preset=&#8221;default&#8221; background_image=&#8221;https:\/\/layer-cbd.com\/wp-content\/uploads\/2024\/05\/Layer-Packshot-Batch1-34.jpg&#8221; custom_padding=&#8221;||||false|false&#8221; border_width_all=&#8221;1px&#8221; border_color_all=&#8221;#17111c&#8221; global_colors_info=&#8221;{}&#8221; custom_css_main_element_last_edited=&#8221;on|desktop&#8221; custom_css_main_element_tablet=&#8221;padding-top:380px;&#8221; custom_css_main_element_phone=&#8221;padding-top:380px;&#8221;][et_pb_image src=&#8221;https:\/\/layer-cbd.com\/wp-content\/uploads\/2024\/07\/CommentFaire-1.png&#8221; alt=&#8221;how to cbd&#8221; title_text=&#8221;HowTo&#8221; src_tablet=&#8221;https:\/\/layer-cbd.com\/wp-content\/uploads\/2024\/07\/CommentFaire-1.png&#8221; src_phone=&#8221;https:\/\/layer-cbd.com\/wp-content\/uploads\/2024\/07\/CommentFaire-1.png&#8221; src_last_edited=&#8221;on|phone&#8221; _builder_version=&#8221;4.25.2&#8243; _module_preset=&#8221;default&#8221; positioning=&#8221;absolute&#8221; position_origin_a=&#8221;top_right&#8221; vertical_offset=&#8221;-67px&#8221; horizontal_offset=&#8221;-31px&#8221; vertical_offset_tablet=&#8221;-74px&#8221; vertical_offset_phone=&#8221;-52px&#8221; vertical_offset_last_edited=&#8221;on|phone&#8221; width=&#8221;80%&#8221; width_tablet=&#8221;60%&#8221; width_phone=&#8221;70%&#8221; width_last_edited=&#8221;on|tablet&#8221; global_colors_info=&#8221;{}&#8221;][\/et_pb_image][\/et_pb_column][\/et_pb_row][\/et_pb_section][et_pb_section fb_built=&#8221;1&#8243; custom_padding_last_edited=&#8221;on|phone&#8221; _builder_version=&#8221;4.25.2&#8243; _module_preset=&#8221;default&#8221; background_color=&#8221;#fffef7&#8243; custom_margin_tablet=&#8221;||||false|false&#8221; custom_margin_phone=&#8221;||||false|false&#8221; custom_margin_last_edited=&#8221;on|tablet&#8221; custom_padding=&#8221;||||false|false&#8221; custom_padding_tablet=&#8221;0px||||false|false&#8221; custom_padding_phone=&#8221;0px||||false|false&#8221; global_colors_info=&#8221;{}&#8221;][et_pb_row custom_padding_last_edited=&#8221;on|tablet&#8221; _builder_version=&#8221;4.25.2&#8243; _module_preset=&#8221;default&#8221; max_width=&#8221;1159px&#8221; custom_padding=&#8221;||76px|||&#8221; custom_padding_tablet=&#8221;||0px||false|false&#8221; custom_padding_phone=&#8221;||0px||false|false&#8221; global_colors_info=&#8221;{}&#8221;][et_pb_column type=&#8221;4_4&#8243; _builder_version=&#8221;4.24.2&#8243; _module_preset=&#8221;default&#8221; global_colors_info=&#8221;{}&#8221;][et_pb_text module_class=&#8221;roka&#8221; _builder_version=&#8221;4.27.0&#8243; _module_preset=&#8221;default&#8221; text_font=&#8221;|300|||||||&#8221; text_font_size=&#8221;20px&#8221; text_line_height=&#8221;1.5em&#8221; header_2_font=&#8221;|600|||||||&#8221; header_2_font_size=&#8221;40px&#8221; header_2_line_height=&#8221;1.5em&#8221; custom_margin=&#8221;||70px|||&#8221; custom_margin_tablet=&#8221;||30px||false|false&#8221; custom_margin_phone=&#8221;||30px||false|false&#8221; custom_margin_last_edited=&#8221;on|phone&#8221; header_2_font_size_tablet=&#8221;40px&#8221; header_2_font_size_phone=&#8221;30px&#8221; header_2_font_size_last_edited=&#8221;on|phone&#8221; global_colors_info=&#8221;{}&#8221;]<\/p>\n<h2>Notre vid\u00e9o explicative<\/h2>\n<p>Annie explique les diff\u00e9rentes fa\u00e7ons de consommer de l\u2019huile de CBD et partage la bonne m\u00e9thode pour trouver son dosage.<\/p>\n<p>[\/et_pb_text][et_pb_video src=&#8221;https:\/\/youtu.be\/tkRt6EIz4lU&#8221; _builder_version=&#8221;4.27.2&#8243; _module_preset=&#8221;default&#8221; width=&#8221;100%&#8221; max_width=&#8221;850px&#8221; module_alignment=&#8221;center&#8221; hover_enabled=&#8221;0&#8243; custom_css_main_element=&#8221;box-shadow: rgba(0, 0, 0, 0.25) 0px 14px 28px, rgba(0, 0, 0, 0.22) 0px 10px 10px;&#8221; border_radii=&#8221;on|6px|6px|6px|6px&#8221; saved_tabs=&#8221;all&#8221; global_colors_info=&#8221;{}&#8221; sticky_enabled=&#8221;0&#8243;][\/et_pb_video][\/et_pb_column][\/et_pb_row][\/et_pb_section][et_pb_section fb_built=&#8221;1&#8243; custom_padding_last_edited=&#8221;on|desktop&#8221; _builder_version=&#8221;4.25.2&#8243; _module_preset=&#8221;default&#8221; background_color=&#8221;#fffef7&#8243; custom_padding=&#8221;||||false|false&#8221; custom_padding_tablet=&#8221;0px||0px||false|false&#8221; custom_padding_phone=&#8221;0px||0px||false|false&#8221; global_colors_info=&#8221;{}&#8221;][et_pb_row custom_padding_last_edited=&#8221;on|tablet&#8221; _builder_version=&#8221;4.25.2&#8243; _module_preset=&#8221;default&#8221; max_width=&#8221;1159px&#8221; custom_padding=&#8221;||||false|false&#8221; custom_padding_tablet=&#8221;||0px||false|false&#8221; custom_padding_phone=&#8221;||0px||false|false&#8221; global_colors_info=&#8221;{}&#8221;][et_pb_column type=&#8221;4_4&#8243; _builder_version=&#8221;4.24.2&#8243; _module_preset=&#8221;default&#8221; global_colors_info=&#8221;{}&#8221;][et_pb_text module_class=&#8221;roka&#8221; _builder_version=&#8221;4.27.0&#8243; _module_preset=&#8221;default&#8221; text_font=&#8221;|300|||||||&#8221; text_font_size=&#8221;20px&#8221; text_line_height=&#8221;1.5em&#8221; header_2_font=&#8221;|600|||||||&#8221; header_2_font_size=&#8221;40px&#8221; header_2_line_height=&#8221;1.5em&#8221; custom_margin=&#8221;||||false|false&#8221; header_2_font_size_tablet=&#8221;40px&#8221; header_2_font_size_phone=&#8221;30px&#8221; header_2_font_size_last_edited=&#8221;on|phone&#8221; global_colors_info=&#8221;{}&#8221;]<\/p>\n<h2>Mode d\u2019utilisation de l\u2019huile de CBD<\/h2>\n<p>[\/et_pb_text][\/et_pb_column][\/et_pb_row][et_pb_row column_structure=&#8221;1_2,1_2&#8243; _builder_version=&#8221;4.24.2&#8243; _module_preset=&#8221;default&#8221; max_width=&#8221;1159px&#8221; custom_padding=&#8221;||||false|false&#8221; global_colors_info=&#8221;{}&#8221;][et_pb_column type=&#8221;1_2&#8243; _builder_version=&#8221;4.24.2&#8243; _module_preset=&#8221;default&#8221; global_colors_info=&#8221;{}&#8221;][et_pb_text _builder_version=&#8221;4.24.2&#8243; _module_preset=&#8221;default&#8221; text_font=&#8221;|300|||||||&#8221; text_font_size=&#8221;20px&#8221; text_line_height=&#8221;1.5em&#8221; header_2_font=&#8221;|600|||||||&#8221; header_2_font_size=&#8221;40px&#8221; header_2_line_height=&#8221;1.5em&#8221; custom_margin=&#8221;||||false|false&#8221; global_colors_info=&#8221;{}&#8221;]<\/p>\n<p>La m\u00e9thode la plus efficace pour consommer l\u2019huile de CBD est la voie sublinguale. Elle offre une excellente biodisponibilit\u00e9 et une absorption rapide des cannabino\u00efdes dans l\u2019organisme.<\/p>\n<p><strong>Voici comment proc\u00e9der :<\/strong><br \/>&#8211; \u00c0 l\u2019aide de la pipette, d\u00e9posez le nombre de gouttes souhait\u00e9 sous la langue.<br \/>&#8211; Gardez l\u2019huile 1 \u00e0 2 minutes sous la langue avant d\u2019avaler.<br \/>&#8211; Vous pouvez aussi masser l\u2019huile sous la langue avec la pointe de la langue pour favoriser l\u2019absorption par les muqueuses.<\/p>\n<p>L\u2019huile peut \u00e9galement \u00eatre aval\u00e9e directement ou m\u00e9lang\u00e9e \u00e0 une boisson\/aliment. Cependant, l\u2019absorption par voie orale est moins efficace et plus lente qu\u2019en sublingual.<\/p>\n<p>[\/et_pb_text][\/et_pb_column][et_pb_column type=&#8221;1_2&#8243; _builder_version=&#8221;4.24.2&#8243; _module_preset=&#8221;default&#8221; global_colors_info=&#8221;{}&#8221;][et_pb_image src=&#8221;https:\/\/layer-cbd.com\/wp-content\/uploads\/2024\/05\/22etoile-jaune22.png&#8221; title_text=&#8221;e\u0301toile jaune&#8221; align=&#8221;center&#8221; disabled_on=&#8221;on|on|off&#8221; _builder_version=&#8221;4.24.2&#8243; _module_preset=&#8221;default&#8221; transform_translate=&#8221;-23px|0px&#8221; transform_translate_linked=&#8221;off&#8221; width=&#8221;15%&#8221; width_tablet=&#8221;15%&#8221; width_phone=&#8221;14%&#8221; width_last_edited=&#8221;on|phone&#8221; custom_margin=&#8221;||||false|false&#8221; custom_padding=&#8221;||||false|false&#8221; global_colors_info=&#8221;{}&#8221;][\/et_pb_image][et_pb_image src=&#8221;https:\/\/layer-cbd.com\/wp-content\/uploads\/2024\/05\/22etoile-jaune22.png&#8221; title_text=&#8221;e\u0301toile jaune&#8221; show_bottom_space=&#8221;off&#8221; disabled_on=&#8221;on|on|off&#8221; _builder_version=&#8221;4.24.2&#8243; _module_preset=&#8221;default&#8221; width=&#8221;10%&#8221; width_tablet=&#8221;10%&#8221; width_phone=&#8221;9%&#8221; width_last_edited=&#8221;on|tablet&#8221; global_colors_info=&#8221;{}&#8221;][\/et_pb_image][et_pb_image src=&#8221;https:\/\/layer-cbd.com\/wp-content\/uploads\/2024\/05\/Bouche-arc-en-ciel.png&#8221; title_text=&#8221;Bouche arc en ciel&#8221; _builder_version=&#8221;4.25.2&#8243; _module_preset=&#8221;default&#8221; width=&#8221;50%&#8221; width_tablet=&#8221;50%&#8221; width_phone=&#8221;50%&#8221; width_last_edited=&#8221;on|tablet&#8221; module_alignment=&#8221;center&#8221; custom_margin=&#8221;50px||||false|false&#8221; global_colors_info=&#8221;{}&#8221;][\/et_pb_image][\/et_pb_column][\/et_pb_row][\/et_pb_section][et_pb_section fb_built=&#8221;1&#8243; custom_padding_last_edited=&#8221;on|tablet&#8221; _builder_version=&#8221;4.25.2&#8243; _module_preset=&#8221;default&#8221; background_color=&#8221;#fffef7&#8243; custom_padding=&#8221;||||false|false&#8221; custom_padding_tablet=&#8221;0px||0px||false|false&#8221; custom_padding_phone=&#8221;0px||0px||false|false&#8221; global_colors_info=&#8221;{}&#8221;][et_pb_row _builder_version=&#8221;4.24.2&#8243; _module_preset=&#8221;default&#8221; max_width=&#8221;1159px&#8221; custom_padding=&#8221;||||false|false&#8221; global_colors_info=&#8221;{}&#8221;][et_pb_column type=&#8221;4_4&#8243; _builder_version=&#8221;4.24.2&#8243; _module_preset=&#8221;default&#8221; global_colors_info=&#8221;{}&#8221;][et_pb_text module_class=&#8221;roka&#8221; _builder_version=&#8221;4.27.0&#8243; _module_preset=&#8221;default&#8221; text_font=&#8221;|300|||||||&#8221; text_font_size=&#8221;20px&#8221; text_line_height=&#8221;1.5em&#8221; header_2_font=&#8221;|600|||||||&#8221; header_2_font_size=&#8221;40px&#8221; header_2_line_height=&#8221;1.5em&#8221; custom_margin=&#8221;||1px||false|false&#8221; header_2_font_size_tablet=&#8221;40px&#8221; header_2_font_size_phone=&#8221;30px&#8221; header_2_font_size_last_edited=&#8221;on|phone&#8221; global_colors_info=&#8221;{}&#8221;]<\/p>\n<h2>Le dosage quotidien recommand\u00e9<\/h2>\n<p>[\/et_pb_text][et_pb_text _builder_version=&#8221;4.27.2&#8243; _module_preset=&#8221;default&#8221; text_font=&#8221;|300|||||||&#8221; text_font_size=&#8221;20px&#8221; text_line_height=&#8221;1.5em&#8221; header_2_font=&#8221;|600|||||||&#8221; header_2_font_size=&#8221;40px&#8221; header_2_line_height=&#8221;1.5em&#8221; custom_margin=&#8221;||70px||false|false&#8221; global_colors_info=&#8221;{}&#8221;]<\/p>\n<p>Le dosage de l\u2019huile de CBD est tr\u00e8s personnel et variable selon vos besoins, votre sensibilit\u00e9 et votre m\u00e9tabolisme. Il est recommand\u00e9 de commencer avec une faible dose puis de l\u2019augmenter progressivement.<\/p>\n<p><strong>Posologie de d\u00e9part :<\/strong><br \/>&#8211; Pour commencer, prenez 2 \u00e0 3 gouttes 2 \u00e0 3 fois par jour, soit une dose quotidienne d\u2019environ 5 \u00e0 10 mg de CBD.<br \/>&#8211; R\u00e9partissez les prises le matin, le midi et\/ou le soir.<br \/>&#8211; D\u00e9butez de pr\u00e9f\u00e9rence le soir pour \u00e9valuer votre tol\u00e9rance.<\/p>\n<p><strong>Ajustement de dose :<\/strong><br \/>&#8211; Si vous ne ressentez pas les effets souhait\u00e9s apr\u00e8s 1 semaine, augmentez la dose de 2 gouttes par prise.<br \/>&#8211; Proc\u00e9dez ainsi par paliers jusqu\u2019\u00e0 trouver la dose minimale efficace. Comptez au moins 1 semaine entre chaque ajustement. <br \/>&#8211; En g\u00e9n\u00e9ral, la dose optimale se situe entre 10 et 30mg\/jour, r\u00e9partie en 2 \u00e0 3 prises.<br \/>&#8211; Il n\u2019est pas utile de d\u00e9passer 100-200mg\/jour.<\/p>\n<p>Pour un dosage personnalis\u00e9 encore plus pr\u00e9cis, basez-vous sur votre poids. Il est commun\u00e9ment admis de prendre 1 \u00e0 6mg de CBD par tranche de 5kg de poids corporel. Par exemple, pour 60kg, la dose serait de 12 \u00e0 72mg\/jour.<\/p>\n<p>[\/et_pb_text][et_pb_image src=&#8221;https:\/\/layer-cbd.com\/wp-content\/uploads\/2024\/06\/layertble-1.png&#8221; title_text=&#8221;table&#8221; show_in_lightbox=&#8221;on&#8221; use_overlay=&#8221;on&#8221; overlay_icon_color=&#8221;RGBA(255,255,255,0)&#8221; hover_overlay_color=&#8221;RGBA(255,255,255,0)&#8221; hover_icon=&#8221;&#x54;||divi||400&#8243; align=&#8221;center&#8221; overlay_icon_color_tablet=&#8221;RGBA(255,255,255,0)&#8221; overlay_icon_color_phone=&#8221;#000000&#8243; overlay_icon_color_last_edited=&#8221;on|phone&#8221; module_id=&#8221;dosing&#8221; _builder_version=&#8221;4.25.2&#8243; _module_preset=&#8221;default&#8221; custom_margin=&#8221;||19px|||&#8221; global_colors_info=&#8221;{}&#8221;][\/et_pb_image][et_pb_text _builder_version=&#8221;4.24.2&#8243; _module_preset=&#8221;default&#8221; text_font=&#8221;|300|||||||&#8221; text_font_size=&#8221;15px&#8221; text_line_height=&#8221;1.5em&#8221; custom_margin=&#8221;||14px|||&#8221; global_colors_info=&#8221;{}&#8221;]<\/p>\n<p>Ce tableau n\u2019est pas une posologie. Il pr\u00e9sente des recommandations de dosage qui ne vous correspondent peut-\u00eatre pas. Avant de commencer \u00e0 consommer du CBD, nous vous recommandons de consulter votre m\u00e9decin afin qu\u2019il vous conseille au mieux sur vos besoins personnels et les \u00e9ventuels effets crois\u00e9s avec d\u2019autres m\u00e9dications.  <\/p>\n<p>[\/et_pb_text][\/et_pb_column][\/et_pb_row][et_pb_row _builder_version=&#8221;4.24.2&#8243; _module_preset=&#8221;default&#8221; max_width=&#8221;1159px&#8221; custom_padding=&#8221;||||false|false&#8221; global_colors_info=&#8221;{}&#8221;][et_pb_column type=&#8221;4_4&#8243; _builder_version=&#8221;4.24.2&#8243; _module_preset=&#8221;default&#8221; global_colors_info=&#8221;{}&#8221;][et_pb_text module_class=&#8221;roka&#8221; _builder_version=&#8221;4.27.0&#8243; _module_preset=&#8221;default&#8221; text_font=&#8221;|300|||||||&#8221; text_font_size=&#8221;20px&#8221; text_line_height=&#8221;1.5em&#8221; header_2_font=&#8221;|600|||||||&#8221; header_2_font_size=&#8221;40px&#8221; header_2_line_height=&#8221;1.5em&#8221; header_3_font_size=&#8221;28px&#8221; header_3_line_height=&#8221;1.5em&#8221; custom_margin=&#8221;||||false|false&#8221; header_3_font_size_tablet=&#8221;28px&#8221; header_3_font_size_phone=&#8221;26px&#8221; header_3_font_size_last_edited=&#8221;on|phone&#8221; global_colors_info=&#8221;{}&#8221;]<\/p>\n<h3>Combien de mg de CBD contient une goutte d\u2019huile ?<\/h3>\n<p>1 goutte de Layer-1 = 5mg de CBD<br \/>1 goutte de Layer-2 = 10mg de CBD<br \/>1 goutte de Layer-3 = 15mg de CBD<\/p>\n<p>[\/et_pb_text][\/et_pb_column][\/et_pb_row][\/et_pb_section]<\/p>\n","protected":false},"excerpt":{"rendered":"<p>Consommation et dosage de l\u2019huile de CBDL\u2019huile de CBD est un compl\u00e9ment alimentaire ayant une action sur le bien-\u00eatre. Mais comment bien l\u2019utiliser au quotidien ? Dans quelles quantit\u00e9s ? Sur ou sous la langue ? Voici nos conseils pour une prise optimale et personnalis\u00e9e. Notre vid\u00e9o explicative Annie explique les diff\u00e9rentes fa\u00e7ons de consommer [&hellip;]<\/p>\n","protected":false},"author":1,"featured_media":0,"parent":0,"menu_order":0,"comment_status":"closed","ping_status":"closed","template":"","meta":{"_et_pb_use_builder":"on","_et_pb_old_content":"","_et_gb_content_width":"","footnotes":""},"class_list":["post-31890","page","type-page","status-publish","hentry"],"_links":{"self":[{"href":"https:\/\/layer-cbd.com\/fr\/wp-json\/wp\/v2\/pages\/31890","targetHints":{"allow":["GET"]}}],"collection":[{"href":"https:\/\/layer-cbd.com\/fr\/wp-json\/wp\/v2\/pages"}],"about":[{"href":"https:\/\/layer-cbd.com\/fr\/wp-json\/wp\/v2\/types\/page"}],"author":[{"embeddable":true,"href":"https:\/\/layer-cbd.com\/fr\/wp-json\/wp\/v2\/users\/1"}],"replies":[{"embeddable":true,"href":"https:\/\/layer-cbd.com\/fr\/wp-json\/wp\/v2\/comments?post=31890"}],"version-history":[{"count":66,"href":"https:\/\/layer-cbd.com\/fr\/wp-json\/wp\/v2\/pages\/31890\/revisions"}],"predecessor-version":[{"id":34951,"href":"https:\/\/layer-cbd.com\/fr\/wp-json\/wp\/v2\/pages\/31890\/revisions\/34951"}],"wp:attachment":[{"href":"https:\/\/layer-cbd.com\/fr\/wp-json\/wp\/v2\/media?parent=31890"}],"curies":[{"name":"wp","href":"https:\/\/api.w.org\/{rel}","templated":true}]}}