{"id":32852,"date":"2024-08-20T10:11:17","date_gmt":"2024-08-20T08:11:17","guid":{"rendered":"https:\/\/layer-cbd.com\/mentions-legales\/"},"modified":"2024-08-20T11:19:18","modified_gmt":"2024-08-20T09:19:18","slug":"mentions-legales","status":"publish","type":"page","link":"https:\/\/layer-cbd.com\/fr\/mentions-legales\/","title":{"rendered":"Mentions l\u00e9gales"},"content":{"rendered":"<p>[et_pb_section fb_built=&#8221;1&#8243; _builder_version=&#8221;4.24.2&#8243; _module_preset=&#8221;default&#8221; background_color=&#8221;#fffef7&#8243; global_colors_info=&#8221;{}&#8221;][\/et_pb_section][et_pb_section fb_built=&#8221;1&#8243; _builder_version=&#8221;4.24.2&#8243; _module_preset=&#8221;default&#8221; background_color=&#8221;#fffef7&#8243; custom_padding=&#8221;91px||165px|||&#8221; global_colors_info=&#8221;{}&#8221;][et_pb_row _builder_version=&#8221;4.24.2&#8243; _module_preset=&#8221;default&#8221; width_tablet=&#8221;&#8221; width_phone=&#8221;&#8221; width_last_edited=&#8221;on|phone&#8221; max_width=&#8221;950px&#8221; module_alignment=&#8221;center&#8221; custom_margin=&#8221;7vh||7vh||true|false&#8221; global_colors_info=&#8221;{}&#8221;][et_pb_column type=&#8221;4_4&#8243; _builder_version=&#8221;4.23.1&#8243; _module_preset=&#8221;default&#8221; global_colors_info=&#8221;{}&#8221;][et_pb_text _builder_version=&#8221;4.27.0&#8243; _module_preset=&#8221;default&#8221; text_font=&#8221;||||||||&#8221; text_font_size=&#8221;18px&#8221; text_line_height=&#8221;1.5em&#8221; header_font_size=&#8221;40px&#8221; header_line_height=&#8221;1.5em&#8221; header_2_line_height=&#8221;1.5em&#8221; header_3_line_height=&#8221;1.5em&#8221; hover_enabled=&#8221;0&#8243; global_colors_info=&#8221;{}&#8221; custom_padding=&#8221;||0px|||&#8221; sticky_enabled=&#8221;0&#8243;]<\/p>\n<h1>Mentions l\u00e9gales<\/h1>\n<h2>Ce site web est \u00e9dit\u00e9 par Galago :<\/h2>\n<p>SIRET : 402 740 443 00039<br \/>Si\u00e8ge : 33 Rue Dubois Cranc\u00e9, 08000 Charleville-M\u00e9zi\u00e8res, France<br \/>Contact : <a href=\"mailto:info@layer-cbd.com\">info@layer-cbd.com<\/a> \/ 33 324 52 68 83<\/p>\n<h2>Coordonn\u00e9es de l&#8217;h\u00e9bergeur :<\/h2>\n<p>Infomaniak Network SA<br \/>Rue Eug\u00e8ne Marziano 25<br \/>1227 Les Acacias (GE)<br \/>IDE: CHE-103.167.648<\/p>\n<p>Les images, illustrations et tout contenu graphique pr\u00e9sents sur ce site web sont la propri\u00e9t\u00e9 intellectuelle de Galago et Layer CBD.<\/p>\n<p>Les pr\u00e9sentes conditions d&#8217;utilisation du site sont r\u00e9gies par le droit fran\u00e7ais. En cas de litige relatif \u00e0 l&#8217;interpr\u00e9tation, l&#8217;ex\u00e9cution ou la validit\u00e9 des pr\u00e9sentes conditions, et \u00e0 d\u00e9faut de r\u00e9solution amiable, les tribunaux fran\u00e7ais seront seuls comp\u00e9tents pour en conna\u00eetre. <\/p>\n<p>[\/et_pb_text][\/et_pb_column][\/et_pb_row][\/et_pb_section]<\/p>\n","protected":false},"excerpt":{"rendered":"<p>Mentions l\u00e9gales Ce site web est \u00e9dit\u00e9 par Galago : SIRET : 402 740 443 00039Si\u00e8ge : 33 Rue Dubois Cranc\u00e9, 08000 Charleville-M\u00e9zi\u00e8res, FranceContact : info@layer-cbd.com \/ 33 324 52 68 83 Coordonn\u00e9es de l&#8217;h\u00e9bergeur : Infomaniak Network SARue Eug\u00e8ne Marziano 251227 Les Acacias (GE)IDE: CHE-103.167.648 Les images, illustrations et tout contenu graphique pr\u00e9sents sur [&hellip;]<\/p>\n","protected":false},"author":3,"featured_media":0,"parent":0,"menu_order":0,"comment_status":"closed","ping_status":"closed","template":"","meta":{"_et_pb_use_builder":"on","_et_pb_old_content":"","_et_gb_content_width":"","footnotes":""},"class_list":["post-32852","page","type-page","status-publish","hentry"],"_links":{"self":[{"href":"https:\/\/layer-cbd.com\/fr\/wp-json\/wp\/v2\/pages\/32852","targetHints":{"allow":["GET"]}}],"collection":[{"href":"https:\/\/layer-cbd.com\/fr\/wp-json\/wp\/v2\/pages"}],"about":[{"href":"https:\/\/layer-cbd.com\/fr\/wp-json\/wp\/v2\/types\/page"}],"author":[{"embeddable":true,"href":"https:\/\/layer-cbd.com\/fr\/wp-json\/wp\/v2\/users\/3"}],"replies":[{"embeddable":true,"href":"https:\/\/layer-cbd.com\/fr\/wp-json\/wp\/v2\/comments?post=32852"}],"version-history":[{"count":4,"href":"https:\/\/layer-cbd.com\/fr\/wp-json\/wp\/v2\/pages\/32852\/revisions"}],"predecessor-version":[{"id":32860,"href":"https:\/\/layer-cbd.com\/fr\/wp-json\/wp\/v2\/pages\/32852\/revisions\/32860"}],"wp:attachment":[{"href":"https:\/\/layer-cbd.com\/fr\/wp-json\/wp\/v2\/media?parent=32852"}],"curies":[{"name":"wp","href":"https:\/\/api.w.org\/{rel}","templated":true}]}}