{"id":35676,"date":"2025-04-30T09:58:15","date_gmt":"2025-04-30T07:58:15","guid":{"rendered":"https:\/\/layer-cbd.com\/?page_id=35676"},"modified":"2025-05-05T12:44:06","modified_gmt":"2025-05-05T10:44:06","slug":"devenez-partenaire-de-layer","status":"publish","type":"page","link":"https:\/\/layer-cbd.com\/fr\/devenez-partenaire-de-layer\/","title":{"rendered":"Devenez partenaire de Layer"},"content":{"rendered":"<p>[et_pb_section fb_built=&#8221;1&#8243; _builder_version=&#8221;4.24.2&#8243; _module_preset=&#8221;default&#8221; background_color=&#8221;#fffef7&#8243; custom_padding=&#8221;31px|||||&#8221; global_colors_info=&#8221;{}&#8221;][et_pb_row column_structure=&#8221;1_2,1_2&#8243; _builder_version=&#8221;4.27.4&#8243; _module_preset=&#8221;default&#8221; max_width=&#8221;1450px&#8221; custom_margin=&#8221;|auto|78px|auto||&#8221; global_colors_info=&#8221;{}&#8221;][et_pb_column type=&#8221;1_2&#8243; _builder_version=&#8221;4.27.4&#8243; _module_preset=&#8221;default&#8221; global_colors_info=&#8221;{}&#8221;][et_pb_text _builder_version=&#8221;4.27.4&#8243; _module_preset=&#8221;default&#8221; header_font=&#8221;Agharti Black Condensed|300|||||||&#8221; header_text_color=&#8221;#17111c&#8221; header_font_size=&#8221;170px&#8221; header_line_height=&#8221;0.9em&#8221; custom_margin=&#8221;||22px|||&#8221; header_font_size_tablet=&#8221;140px&#8221; header_font_size_phone=&#8221;90px&#8221; header_font_size_last_edited=&#8221;on|phone&#8221; global_colors_info=&#8221;{}&#8221;]<\/p>\n<h1>DEVENEZ PARTENAIRE DE LAYER<\/h1>\n<p>[\/et_pb_text][et_pb_text _builder_version=&#8221;4.27.4&#8243; _module_preset=&#8221;default&#8221; text_font=&#8221;TF Handwriting|300||on|||||&#8221; text_text_color=&#8221;#b494ff&#8221; text_font_size=&#8221;48px&#8221; text_line_height=&#8221;1.5em&#8221; text_line_height_tablet=&#8221;1.5em&#8221; text_line_height_phone=&#8221;1.2em&#8221; text_line_height_last_edited=&#8221;on|phone&#8221; global_colors_info=&#8221;{}&#8221;]<\/p>\n<p>Postulez\u200c\u00a0! On veut vous conna\u00eetre\u00a0!<\/p>\n<p>[\/et_pb_text][et_pb_text _builder_version=&#8221;4.27.4&#8243; _module_preset=&#8221;default&#8221; text_font=&#8221;||||||||&#8221; text_font_size=&#8221;24px&#8221; text_line_height=&#8221;1.5em&#8221; global_colors_info=&#8221;{}&#8221;]<\/p>\n<p>Vous \u00eates cr\u00e9ateur\u00b7trice de contenu ? Vous tenez un blog, un compte Insta, une cha\u00eene YouTube ou m\u00eame une newsletter qui claque ? Vous aimez faire plaisir \u00e0 votre communaut\u00e9 en partageant un bon plan CBD ?<\/p>\n<p>Alors vous \u00eates exactement la personne que nous recherchons. Laissez-nous vos infos et vos liens. Nous \u00e9tudions chaque profil avec attention. Et si nos univers se r\u00e9pondent, alors c\u2019est parti pour un partenariat cool, clair et r\u00e9mun\u00e9rateur<br \/>.<\/p>\n<p>[\/et_pb_text][\/et_pb_column][et_pb_column type=&#8221;1_2&#8243; module_id=&#8221;inscription&#8221; _builder_version=&#8221;4.27.4&#8243; _module_preset=&#8221;default&#8221; global_colors_info=&#8221;{}&#8221;][et_pb_contact_form use_spam_service=&#8221;on&#8221; recaptcha_list=&#8221;layer2|layer2-0&#8243; email=&#8221;antoine@lesecritsduweb.be, thibaut@lesecritsduweb.be&#8221; success_message=&#8221;Merci ! Nous \u00e9tudions chaque profil avec attention. Et si nos univers se r\u00e9pondent, alors c\u2019est parti pour un partenariat cool, clair et r\u00e9mun\u00e9rateur&#8221; submit_button_text=&#8221;Je m&#8217;inscris&#8221; module_class=&#8221;influenza&#8221; _builder_version=&#8221;4.27.4&#8243; _module_preset=&#8221;default&#8221; _unique_id=&#8221;82b5bb8e-6e45-4f1f-a74d-cc2739ec9bd0&#8243; custom_css_free_form=&#8221;selector input::placeholder {color:grey!important}||selector textarea::placeholder {color:grey!important}&#8221; global_colors_info=&#8221;{}&#8221;][et_pb_contact_field field_id=&#8221;prenom&#8221; field_title=&#8221;Pr\u00e9nom&#8221; fullwidth_field=&#8221;on&#8221; _builder_version=&#8221;4.27.4&#8243; form_field_background_color=&#8221;#FFFFFF&#8221; form_field_focus_text_color=&#8221;#000000&#8243; form_field_font_size=&#8221;16px&#8221; border_radii=&#8221;on|5px|5px|5px|5px&#8221; box_shadow_style=&#8221;preset2&#8243; global_colors_info=&#8221;{}&#8221; button_text_size__hover_enabled=&#8221;off&#8221; button_one_text_size__hover_enabled=&#8221;off&#8221; button_two_text_size__hover_enabled=&#8221;off&#8221; button_text_color__hover_enabled=&#8221;off&#8221; button_one_text_color__hover_enabled=&#8221;off&#8221; button_two_text_color__hover_enabled=&#8221;off&#8221; button_border_width__hover_enabled=&#8221;off&#8221; button_one_border_width__hover_enabled=&#8221;off&#8221; button_two_border_width__hover_enabled=&#8221;off&#8221; button_border_color__hover_enabled=&#8221;off&#8221; button_one_border_color__hover_enabled=&#8221;off&#8221; button_two_border_color__hover_enabled=&#8221;off&#8221; button_border_radius__hover_enabled=&#8221;off&#8221; button_one_border_radius__hover_enabled=&#8221;off&#8221; button_two_border_radius__hover_enabled=&#8221;off&#8221; button_letter_spacing__hover_enabled=&#8221;off&#8221; button_one_letter_spacing__hover_enabled=&#8221;off&#8221; button_two_letter_spacing__hover_enabled=&#8221;off&#8221; button_bg_color__hover_enabled=&#8221;off&#8221; button_one_bg_color__hover_enabled=&#8221;off&#8221; button_two_bg_color__hover_enabled=&#8221;off&#8221;][\/et_pb_contact_field][et_pb_contact_field field_id=&#8221;Name&#8221; field_title=&#8221;Nom&#8221; fullwidth_field=&#8221;on&#8221; _builder_version=&#8221;4.27.4&#8243; form_field_background_color=&#8221;#FFFFFF&#8221; form_field_focus_text_color=&#8221;#000000&#8243; form_field_font_size=&#8221;16px&#8221; border_radii=&#8221;on|5px|5px|5px|5px&#8221; box_shadow_style=&#8221;preset2&#8243; global_colors_info=&#8221;{}&#8221; button_text_size__hover_enabled=&#8221;off&#8221; button_one_text_size__hover_enabled=&#8221;off&#8221; button_two_text_size__hover_enabled=&#8221;off&#8221; button_text_color__hover_enabled=&#8221;off&#8221; button_one_text_color__hover_enabled=&#8221;off&#8221; button_two_text_color__hover_enabled=&#8221;off&#8221; button_border_width__hover_enabled=&#8221;off&#8221; button_one_border_width__hover_enabled=&#8221;off&#8221; button_two_border_width__hover_enabled=&#8221;off&#8221; button_border_color__hover_enabled=&#8221;off&#8221; button_one_border_color__hover_enabled=&#8221;off&#8221; button_two_border_color__hover_enabled=&#8221;off&#8221; button_border_radius__hover_enabled=&#8221;off&#8221; button_one_border_radius__hover_enabled=&#8221;off&#8221; button_two_border_radius__hover_enabled=&#8221;off&#8221; button_letter_spacing__hover_enabled=&#8221;off&#8221; button_one_letter_spacing__hover_enabled=&#8221;off&#8221; button_two_letter_spacing__hover_enabled=&#8221;off&#8221; button_bg_color__hover_enabled=&#8221;off&#8221; button_one_bg_color__hover_enabled=&#8221;off&#8221; button_two_bg_color__hover_enabled=&#8221;off&#8221;][\/et_pb_contact_field][et_pb_contact_field field_id=&#8221;Email&#8221; field_title=&#8221;Adresse e-mail&#8221; field_type=&#8221;email&#8221; fullwidth_field=&#8221;on&#8221; _builder_version=&#8221;4.27.4&#8243; form_field_background_color=&#8221;#FFFFFF&#8221; form_field_focus_text_color=&#8221;#000000&#8243; form_field_font_size=&#8221;16px&#8221; border_radii=&#8221;on|5px|5px|5px|5px&#8221; box_shadow_style=&#8221;preset2&#8243; global_colors_info=&#8221;{}&#8221; button_text_size__hover_enabled=&#8221;off&#8221; button_one_text_size__hover_enabled=&#8221;off&#8221; button_two_text_size__hover_enabled=&#8221;off&#8221; button_text_color__hover_enabled=&#8221;off&#8221; button_one_text_color__hover_enabled=&#8221;off&#8221; button_two_text_color__hover_enabled=&#8221;off&#8221; button_border_width__hover_enabled=&#8221;off&#8221; button_one_border_width__hover_enabled=&#8221;off&#8221; button_two_border_width__hover_enabled=&#8221;off&#8221; button_border_color__hover_enabled=&#8221;off&#8221; button_one_border_color__hover_enabled=&#8221;off&#8221; button_two_border_color__hover_enabled=&#8221;off&#8221; button_border_radius__hover_enabled=&#8221;off&#8221; button_one_border_radius__hover_enabled=&#8221;off&#8221; button_two_border_radius__hover_enabled=&#8221;off&#8221; button_letter_spacing__hover_enabled=&#8221;off&#8221; button_one_letter_spacing__hover_enabled=&#8221;off&#8221; button_two_letter_spacing__hover_enabled=&#8221;off&#8221; button_bg_color__hover_enabled=&#8221;off&#8221; button_one_bg_color__hover_enabled=&#8221;off&#8221; button_two_bg_color__hover_enabled=&#8221;off&#8221;][\/et_pb_contact_field][et_pb_contact_field field_id=&#8221;social&#8221; field_title=&#8221;R\u00e9seaux&#8221; field_type=&#8221;checkbox&#8221; checkbox_options=&#8221;%91{%22value%22:%22Site web%22,%22checked%22:0,%22dragID%22:-1},{%22value%22:%22Instagram%22,%22checked%22:0,%22dragID%22:0},{%22value%22:%22Facebook%22,%22checked%22:0,%22dragID%22:1},{%22value%22:%22Youtube%22,%22checked%22:0,%22dragID%22:2},{%22value%22:%22Tiktok%22,%22checked%22:0,%22dragID%22:3},{%22value%22:%22Snapchat%22,%22checked%22:0,%22dragID%22:4}%93&#8243; _builder_version=&#8221;4.27.4&#8243; _module_preset=&#8221;default&#8221; form_field_background_color=&#8221;#FFFFFF&#8221; form_field_font_size=&#8221;16px&#8221; text_orientation=&#8221;left&#8221; custom_css_free_form=&#8221;selector .et_pb_contact_field_options_title {display:none!important;}||selector label {margin-bottom:16px!important;}&#8221; border_radii=&#8221;on|5px|5px|5px|5px&#8221; border_width_all=&#8221;1px&#8221; border_color_all=&#8221;rgba(0,0,0,0.48)&#8221; global_colors_info=&#8221;{}&#8221;][\/et_pb_contact_field][et_pb_contact_field field_id=&#8221;urlsite&#8221; field_title=&#8221;URL&#8221; min_length=&#8221;1&#8243; conditional_logic=&#8221;on&#8221; conditional_logic_relation=&#8221;on&#8221; conditional_logic_rules=&#8221;%91{%22field%22:%22social%22,%22condition%22:%22is%22,%22value%22:%22Site web%22}%93&#8243; _builder_version=&#8221;4.27.4&#8243; _module_preset=&#8221;default&#8221; form_field_background_color=&#8221;#FFFFFF&#8221; form_field_focus_text_color=&#8221;#000000&#8243; form_field_font_size=&#8221;14px&#8221; custom_padding=&#8221;||||false|false&#8221; border_radii=&#8221;on|5px|5px|5px|5px&#8221; box_shadow_style=&#8221;preset2&#8243; global_colors_info=&#8221;{}&#8221;][\/et_pb_contact_field][et_pb_contact_field field_id=&#8221;profilinsta&#8221; field_title=&#8221;Lien Instagram&#8221; min_length=&#8221;1&#8243; conditional_logic=&#8221;on&#8221; conditional_logic_relation=&#8221;on&#8221; conditional_logic_rules=&#8221;%91{%22field%22:%22social%22,%22condition%22:%22is%22,%22value%22:%22Instagram%22}%93&#8243; _builder_version=&#8221;4.27.4&#8243; _module_preset=&#8221;default&#8221; form_field_background_color=&#8221;#FFFFFF&#8221; form_field_focus_text_color=&#8221;#000000&#8243; form_field_font_size=&#8221;14px&#8221; border_radii=&#8221;on|5px|5px|5px|5px&#8221; box_shadow_style=&#8221;preset2&#8243; global_colors_info=&#8221;{}&#8221;][\/et_pb_contact_field][et_pb_contact_field field_id=&#8221;profilfb&#8221; field_title=&#8221;Lien Facebook&#8221; min_length=&#8221;1&#8243; conditional_logic=&#8221;on&#8221; conditional_logic_relation=&#8221;on&#8221; conditional_logic_rules=&#8221;%91{%22field%22:%22social%22,%22condition%22:%22is%22,%22value%22:%22Facebook%22}%93&#8243; _builder_version=&#8221;4.27.4&#8243; _module_preset=&#8221;default&#8221; form_field_background_color=&#8221;#FFFFFF&#8221; form_field_focus_text_color=&#8221;#000000&#8243; form_field_font_size=&#8221;14px&#8221; border_radii=&#8221;on|5px|5px|5px|5px&#8221; box_shadow_style=&#8221;preset2&#8243; global_colors_info=&#8221;{}&#8221;][\/et_pb_contact_field][et_pb_contact_field field_id=&#8221;profilyt&#8221; field_title=&#8221;Lien Youtube&#8221; min_length=&#8221;1&#8243; conditional_logic=&#8221;on&#8221; conditional_logic_relation=&#8221;on&#8221; conditional_logic_rules=&#8221;%91{%22field%22:%22social%22,%22condition%22:%22is%22,%22value%22:%22Youtube%22}%93&#8243; _builder_version=&#8221;4.27.4&#8243; _module_preset=&#8221;default&#8221; form_field_background_color=&#8221;#FFFFFF&#8221; form_field_focus_text_color=&#8221;#000000&#8243; form_field_font_size=&#8221;14px&#8221; border_radii=&#8221;on|5px|5px|5px|5px&#8221; box_shadow_style=&#8221;preset2&#8243; global_colors_info=&#8221;{}&#8221;][\/et_pb_contact_field][et_pb_contact_field field_id=&#8221;profiltt&#8221; field_title=&#8221;Lien Tiktok&#8221; min_length=&#8221;1&#8243; conditional_logic=&#8221;on&#8221; conditional_logic_relation=&#8221;on&#8221; conditional_logic_rules=&#8221;%91{%22field%22:%22social%22,%22condition%22:%22is%22,%22value%22:%22Tiktok%22}%93&#8243; _builder_version=&#8221;4.27.4&#8243; _module_preset=&#8221;default&#8221; form_field_background_color=&#8221;#FFFFFF&#8221; form_field_focus_text_color=&#8221;#000000&#8243; form_field_font_size=&#8221;14px&#8221; border_radii=&#8221;on|5px|5px|5px|5px&#8221; box_shadow_style=&#8221;preset2&#8243; global_colors_info=&#8221;{}&#8221;][\/et_pb_contact_field][et_pb_contact_field field_id=&#8221;profilsnap&#8221; field_title=&#8221;Lien Snapchat&#8221; min_length=&#8221;1&#8243; conditional_logic=&#8221;on&#8221; conditional_logic_relation=&#8221;on&#8221; conditional_logic_rules=&#8221;%91{%22field%22:%22social%22,%22condition%22:%22is%22,%22value%22:%22Snapchat%22}%93&#8243; _builder_version=&#8221;4.27.4&#8243; _module_preset=&#8221;default&#8221; form_field_background_color=&#8221;#FFFFFF&#8221; form_field_focus_text_color=&#8221;#000000&#8243; form_field_font_size=&#8221;14px&#8221; border_radii=&#8221;on|5px|5px|5px|5px&#8221; box_shadow_style=&#8221;preset2&#8243; global_colors_info=&#8221;{}&#8221;][\/et_pb_contact_field][et_pb_contact_field field_id=&#8221;Message&#8221; field_title=&#8221;Votre message&#8221; field_type=&#8221;text&#8221; fullwidth_field=&#8221;on&#8221; _builder_version=&#8221;4.27.4&#8243; form_field_background_color=&#8221;#FFFFFF&#8221; form_field_focus_text_color=&#8221;#000000&#8243; form_field_font_size=&#8221;16px&#8221; custom_css_free_form=&#8221;selector {margin-bottom:38px!important;}&#8221; border_radii=&#8221;on|5px|5px|5px|5px&#8221; box_shadow_style=&#8221;preset2&#8243; global_colors_info=&#8221;{}&#8221; button_text_size__hover_enabled=&#8221;off&#8221; button_one_text_size__hover_enabled=&#8221;off&#8221; button_two_text_size__hover_enabled=&#8221;off&#8221; button_text_color__hover_enabled=&#8221;off&#8221; button_one_text_color__hover_enabled=&#8221;off&#8221; button_two_text_color__hover_enabled=&#8221;off&#8221; button_border_width__hover_enabled=&#8221;off&#8221; button_one_border_width__hover_enabled=&#8221;off&#8221; button_two_border_width__hover_enabled=&#8221;off&#8221; button_border_color__hover_enabled=&#8221;off&#8221; button_one_border_color__hover_enabled=&#8221;off&#8221; button_two_border_color__hover_enabled=&#8221;off&#8221; button_border_radius__hover_enabled=&#8221;off&#8221; button_one_border_radius__hover_enabled=&#8221;off&#8221; button_two_border_radius__hover_enabled=&#8221;off&#8221; button_letter_spacing__hover_enabled=&#8221;off&#8221; button_one_letter_spacing__hover_enabled=&#8221;off&#8221; button_two_letter_spacing__hover_enabled=&#8221;off&#8221; button_bg_color__hover_enabled=&#8221;off&#8221; button_one_bg_color__hover_enabled=&#8221;off&#8221; button_two_bg_color__hover_enabled=&#8221;off&#8221;][\/et_pb_contact_field][\/et_pb_contact_form][\/et_pb_column][\/et_pb_row][et_pb_row column_structure=&#8221;1_2,1_2&#8243; _builder_version=&#8221;4.27.4&#8243; _module_preset=&#8221;default&#8221; max_width=&#8221;1450px&#8221; animation_style=&#8221;slide&#8221; animation_direction=&#8221;bottom&#8221; animation_intensity_slide=&#8221;5%&#8221; global_colors_info=&#8221;{}&#8221;][et_pb_column type=&#8221;1_2&#8243; _builder_version=&#8221;4.27.4&#8243; _module_preset=&#8221;default&#8221; global_colors_info=&#8221;{}&#8221;][et_pb_text _builder_version=&#8221;4.27.4&#8243; _module_preset=&#8221;default&#8221; text_font=&#8221;||||||||&#8221; text_font_size=&#8221;24px&#8221; text_line_height=&#8221;1.5em&#8221; header_2_font_size=&#8221;38px&#8221; custom_css_free_form=&#8221;selector ul li {padding-bottom:.5em;  line-height:1.5em;}||selector ol li {padding-bottom:.5em; line-height:1.5em;}||selector h2 {padding-bottom:20px;}||selector ul  {padding-top:.8em;  }||selector ol  {padding-top:.8em; }||&#8221; global_colors_info=&#8221;{}&#8221;]<\/p>\n<h2>Comment \u00e7a marche<\/h2>\n<p><strong>Voici comment \u00e7a se passe chez Layer<\/strong><\/p>\n<ol>\n<li>Vous remplissez le formulaire avec quelques infos sur vous et vos r\u00e9seaux<\/li>\n<li>Nous analysons votre profil : ce n\u2019est pas une question de taille d\u2019audience, mais d\u2019alignement<\/li>\n<li>On vous recontacte et on en papote<\/li>\n<\/ol>\n<p><strong>R\u00e9mun\u00e9ration<\/strong><\/p>\n<p>Il y a trois mani\u00e8res de collaborer avec Layer :<\/p>\n<ul>\n<li><strong>Gifting :<\/strong><span>\u00a0<\/span>vous recevez nos produits pour les tester et en parler \u00e0 votre communaut\u00e9.<\/li>\n<li><strong>R\u00e9mun\u00e9ration directe :<\/strong><span>\u00a0<\/span>pour des contenus sp\u00e9cifiques, brief\u00e9s ou co-cr\u00e9\u00e9s avec vous.<\/li>\n<li><strong>Commission :<\/strong><span>\u00a0<\/span>vous gagnez une commission jusqu\u2019\u00e0 30% surchaque vente g\u00e9n\u00e9r\u00e9e.<\/li>\n<\/ul>\n<p>Un code promo personnalis\u00e9 sera cr\u00e9\u00e9 pour votre communaut\u00e9 \u2014 facile \u00e0 int\u00e9grer, facile \u00e0 retenir.<\/p>\n<p>[\/et_pb_text][\/et_pb_column][et_pb_column type=&#8221;1_2&#8243; _builder_version=&#8221;4.27.4&#8243; _module_preset=&#8221;default&#8221; global_colors_info=&#8221;{}&#8221;][et_pb_image src=&#8221;https:\/\/layer-cbd.com\/wp-content\/uploads\/2025\/04\/image_Horizontale-1.webp&#8221; title_text=&#8221;image_Horizontale (1)&#8221; _builder_version=&#8221;4.27.4&#8243; _module_preset=&#8221;default&#8221; global_colors_info=&#8221;{}&#8221;][\/et_pb_image][\/et_pb_column][\/et_pb_row][et_pb_row _builder_version=&#8221;4.27.4&#8243; _module_preset=&#8221;default&#8221; max_width=&#8221;1450px&#8221; global_colors_info=&#8221;{}&#8221;][et_pb_column type=&#8221;4_4&#8243; _builder_version=&#8221;4.27.4&#8243; _module_preset=&#8221;default&#8221; global_colors_info=&#8221;{}&#8221;][et_pb_text _builder_version=&#8221;4.27.4&#8243; _module_preset=&#8221;default&#8221; text_font=&#8221;||||||||&#8221; text_font_size=&#8221;24px&#8221; text_line_height=&#8221;1.5em&#8221; header_2_font_size=&#8221;38px&#8221; custom_css_free_form=&#8221;selector ul li {padding-bottom:.5em;  line-height:1.5em;}||selector ol li {padding-bottom:.5em; line-height:1.5em;}||selector h2 {padding-bottom:20px;}||selector ul  {padding-top:.8em;  }||selector ol  {padding-top:.8em; }||&#8221; global_colors_info=&#8221;{}&#8221;]<\/p>\n<h2>Pourquoi choisir Layer comme partenaire ?<\/h2>\n<p><strong>Chez nous c\u2019est comme \u00e7a :\u00a0<\/strong><\/p>\n<ol>\n<li>Des produits ultra clean et premium : des huiles de CBD full spectrum fabriqu\u00e9es en Suisse, test\u00e9s en labo, go\u00fbt vanille-bourbon.<\/li>\n<li>Une gamme ultra simple \u00e0 promouvoir 3 huiles. Pas 200 r\u00e9f\u00e9rences \u00e0 m\u00e9moriser.<\/li>\n<li>Une mission claire et sinc\u00e8re : d\u00e9mocratiser un produit sain pour aider chacun.e \u00e0 mieux vivre le moment pr\u00e9sent, \u00e0 se sentir mieux<\/li>\n<li>Une communaut\u00e9 forte, vivante, bienveillante : vos abonn\u00e9s ne rejoignent pas juste un shop en ligne, ils int\u00e8grent un \u00e9tat d\u2019esprit, une ambiance, une vision du bien-\u00eatre.<\/li>\n<li>Des produits qui plaisent vraiment : les retours clients sont excellents, le taux de fid\u00e9lisation est \u00e9lev\u00e9.<\/li>\n<\/ol>\n<h2>Qui peut rejoindre le programme ?<\/h2>\n<ul>\n<li>Les influenceurs sur TikTok, Instagram ou Snapchat<\/li>\n<li>Les cr\u00e9ateurs de contenu en tous genres<\/li>\n<li>Les YouTubeurs<\/li>\n<li>les blogueurs, podcasteurs, artistes, tiktokeurs de niche<\/li>\n<li>Les amateurs de CBD qui en parlent avec justesse<\/li>\n<li>Les profils sinc\u00e8res, cr\u00e9atifs, bienveillants<\/li>\n<\/ul>\n<p>[\/et_pb_text][et_pb_button button_url=&#8221;#inscription&#8221; button_text=&#8221;Formulaire d&#8217;inscription&#8221; _builder_version=&#8221;4.27.4&#8243; _module_preset=&#8221;default&#8221; global_colors_info=&#8221;{}&#8221;][\/et_pb_button][\/et_pb_column][\/et_pb_row][et_pb_row _builder_version=&#8221;4.27.4&#8243; _module_preset=&#8221;default&#8221; global_colors_info=&#8221;{}&#8221;][et_pb_column type=&#8221;4_4&#8243; _builder_version=&#8221;4.27.4&#8243; _module_preset=&#8221;default&#8221; global_colors_info=&#8221;{}&#8221;][et_pb_text _builder_version=&#8221;4.27.4&#8243; _module_preset=&#8221;default&#8221; text_font=&#8221;||||||||&#8221; text_font_size=&#8221;24px&#8221; text_line_height=&#8221;1.5em&#8221; header_2_font_size=&#8221;38px&#8221; custom_css_free_form=&#8221;selector ul li {padding-bottom:.5em; line-height:1.5em;}||selector ol li {padding-bottom:.5em; line-height:1.5em;}||selector h2 {padding-bottom:20px;}&#8221; global_colors_info=&#8221;{}&#8221;]<\/p>\n<h2 style=\"text-align: center;\">Une question ? On est l\u00e0<\/h2>\n<p style=\"text-align: center;\">Mail : <a href=\"mailto:info@layer-cbd.com\">info@layer-cbd.com\u2028<\/a><\/p>\n<p style=\"text-align: center;\">T\u00e9l. : +33 324 52 68 83<\/p>\n<p>[\/et_pb_text][\/et_pb_column][\/et_pb_row][\/et_pb_section]<\/p>\n","protected":false},"excerpt":{"rendered":"<p>DEVENEZ PARTENAIRE DE LAYERPostulez\u200c\u00a0! On veut vous conna\u00eetre\u00a0!Vous \u00eates cr\u00e9ateur\u00b7trice de contenu ? Vous tenez un blog, un compte Insta, une cha\u00eene YouTube ou m\u00eame une newsletter qui claque ? Vous aimez faire plaisir \u00e0 votre communaut\u00e9 en partageant un bon plan CBD ? Alors vous \u00eates exactement la personne que nous recherchons. Laissez-nous vos [&hellip;]<\/p>\n","protected":false},"author":1,"featured_media":0,"parent":0,"menu_order":0,"comment_status":"closed","ping_status":"closed","template":"","meta":{"_et_pb_use_builder":"on","_et_pb_old_content":"","_et_gb_content_width":"","footnotes":""},"class_list":["post-35676","page","type-page","status-publish","hentry"],"_links":{"self":[{"href":"https:\/\/layer-cbd.com\/fr\/wp-json\/wp\/v2\/pages\/35676","targetHints":{"allow":["GET"]}}],"collection":[{"href":"https:\/\/layer-cbd.com\/fr\/wp-json\/wp\/v2\/pages"}],"about":[{"href":"https:\/\/layer-cbd.com\/fr\/wp-json\/wp\/v2\/types\/page"}],"author":[{"embeddable":true,"href":"https:\/\/layer-cbd.com\/fr\/wp-json\/wp\/v2\/users\/1"}],"replies":[{"embeddable":true,"href":"https:\/\/layer-cbd.com\/fr\/wp-json\/wp\/v2\/comments?post=35676"}],"version-history":[{"count":23,"href":"https:\/\/layer-cbd.com\/fr\/wp-json\/wp\/v2\/pages\/35676\/revisions"}],"predecessor-version":[{"id":35721,"href":"https:\/\/layer-cbd.com\/fr\/wp-json\/wp\/v2\/pages\/35676\/revisions\/35721"}],"wp:attachment":[{"href":"https:\/\/layer-cbd.com\/fr\/wp-json\/wp\/v2\/media?parent=35676"}],"curies":[{"name":"wp","href":"https:\/\/api.w.org\/{rel}","templated":true}]}}